{"id":8,"date":"2023-05-01T12:25:02","date_gmt":"2023-05-01T10:25:02","guid":{"rendered":"http:\/\/ginfo.cluster014.ovh.net\/?page_id=8"},"modified":"2024-09-24T16:29:13","modified_gmt":"2024-09-24T14:29:13","slug":"main-page-g-info","status":"publish","type":"page","link":"https:\/\/www.ginfo.fr\/","title":{"rendered":"G-INFO Informatique &#038; R\u00e9seaux"},"content":{"rendered":"\t\t<div data-elementor-type=\"wp-post\" data-elementor-id=\"8\" class=\"elementor elementor-8\">\n\t\t\t\t\t\t\t<div class=\"elementor-element elementor-element-a2e21d6 e-con-full e-flex e-con e-parent\" data-id=\"a2e21d6\" data-element_type=\"container\" data-settings=\"{&quot;content_width&quot;:&quot;full&quot;,&quot;background_background&quot;:&quot;classic&quot;,&quot;animation&quot;:&quot;none&quot;}\" data-core-v316-plus=\"true\">\n\t\t\t\t<div class=\"elementor-element elementor-element-716ee77 animated-slow elementor-invisible elementor-widget elementor-widget-image\" data-id=\"716ee77\" data-element_type=\"widget\" data-settings=\"{&quot;_animation&quot;:&quot;fadeIn&quot;}\" data-widget_type=\"image.default\">\n\t\t\t\t<div class=\"elementor-widget-container\">\n\t\t\t<style>\/*! elementor - v3.17.0 - 08-11-2023 *\/\n.elementor-widget-image{text-align:center}.elementor-widget-image a{display:inline-block}.elementor-widget-image a img[src$=\".svg\"]{width:48px}.elementor-widget-image img{vertical-align:middle;display:inline-block}<\/style>\t\t\t\t\t\t\t\t\t\t\t\t<img loading=\"lazy\" decoding=\"async\" width=\"829\" height=\"367\" src=\"https:\/\/www.ginfo.fr\/wp-content\/uploads\/2023\/05\/STICKER-KANGOO-GINFOv3.png\" class=\"attachment-full size-full wp-image-27\" alt=\"\" srcset=\"https:\/\/www.ginfo.fr\/wp-content\/uploads\/2023\/05\/STICKER-KANGOO-GINFOv3.png 829w, https:\/\/www.ginfo.fr\/wp-content\/uploads\/2023\/05\/STICKER-KANGOO-GINFOv3-300x133.png 300w, https:\/\/www.ginfo.fr\/wp-content\/uploads\/2023\/05\/STICKER-KANGOO-GINFOv3-768x340.png 768w\" sizes=\"auto, (max-width: 829px) 100vw, 829px\" \/>\t\t\t\t\t\t\t\t\t\t\t\t\t\t\t<\/div>\n\t\t\t\t<\/div>\n\t\t\t\t<\/div>\n\t\t<div class=\"elementor-element elementor-element-3558273 e-flex e-con-boxed e-con e-parent\" data-id=\"3558273\" data-element_type=\"container\" data-settings=\"{&quot;content_width&quot;:&quot;boxed&quot;}\" data-core-v316-plus=\"true\">\n\t\t\t\t\t<div class=\"e-con-inner\">\n\t\t\t\t<div class=\"elementor-element elementor-element-2cfa82d elementor-widget elementor-widget-text-editor\" data-id=\"2cfa82d\" data-element_type=\"widget\" data-widget_type=\"text-editor.default\">\n\t\t\t\t<div class=\"elementor-widget-container\">\n\t\t\t<style>\/*! elementor - v3.17.0 - 08-11-2023 *\/\n.elementor-widget-text-editor.elementor-drop-cap-view-stacked .elementor-drop-cap{background-color:#69727d;color:#fff}.elementor-widget-text-editor.elementor-drop-cap-view-framed .elementor-drop-cap{color:#69727d;border:3px solid;background-color:transparent}.elementor-widget-text-editor:not(.elementor-drop-cap-view-default) .elementor-drop-cap{margin-top:8px}.elementor-widget-text-editor:not(.elementor-drop-cap-view-default) .elementor-drop-cap-letter{width:1em;height:1em}.elementor-widget-text-editor .elementor-drop-cap{float:left;text-align:center;line-height:1;font-size:50px}.elementor-widget-text-editor .elementor-drop-cap-letter{display:inline-block}<\/style>\t\t\t\t<p>Notre aventure continue, et bient\u00f4t, un nouveau chapitre s&rsquo;ouvrira. Depuis le d\u00e9but, vous avez \u00e9t\u00e9 nombreux \u00e0 nous suivre, \u00e0 partager notre passion et \u00e0 vivre cette exp\u00e9rience unique \u00e0 nos c\u00f4t\u00e9s. Aujourd&rsquo;hui, nous sommes \u00e0 l&rsquo;aube d&rsquo;un changement.<\/p><p>Quelque chose de nouveau se pr\u00e9pare. Quelque chose qui transformera notre mani\u00e8re de vous accompagner, de vous inspirer, et d&rsquo;aller encore plus loin ensemble. Ce n&rsquo;est pas une simple \u00e9volution, mais une m\u00e9tamorphose, une red\u00e9finition de ce que nous sommes et de ce que nous pouvons accomplir \u00e0 vos c\u00f4t\u00e9s.<\/p><p>Nous ne pouvons pas tout vous dire&#8230; Pas encore. Mais une chose est s\u00fbre : ce que vous connaissez va prendre une dimension inattendue.<\/p><p>Restez connect\u00e9s, l&rsquo;histoire ne fait que commencer\u2026<\/p>\t\t\t\t\t\t<\/div>\n\t\t\t\t<\/div>\n\t\t\t\t\t<\/div>\n\t\t\t\t<\/div>\n\t\t<div class=\"elementor-element elementor-element-4f62504 e-flex e-con-boxed e-con e-parent\" data-id=\"4f62504\" data-element_type=\"container\" data-settings=\"{&quot;background_background&quot;:&quot;classic&quot;,&quot;content_width&quot;:&quot;boxed&quot;}\" data-core-v316-plus=\"true\">\n\t\t\t\t\t<div class=\"e-con-inner\">\n\t\t\t\t<div class=\"elementor-element elementor-element-fe11ef4 elementor-widget elementor-widget-image\" data-id=\"fe11ef4\" data-element_type=\"widget\" data-widget_type=\"image.default\">\n\t\t\t\t<div class=\"elementor-widget-container\">\n\t\t\t\t\t\t\t\t\t\t\t\t\t\t\t<img loading=\"lazy\" decoding=\"async\" width=\"150\" height=\"107\" src=\"https:\/\/www.ginfo.fr\/wp-content\/uploads\/2023\/05\/g.png\" class=\"attachment-large size-large wp-image-121\" alt=\"\" \/>\t\t\t\t\t\t\t\t\t\t\t\t\t\t\t<\/div>\n\t\t\t\t<\/div>\n\t\t\t\t\t<\/div>\n\t\t\t\t<\/div>\n\t\t<div class=\"elementor-element elementor-element-3a1a0b8 e-con-full e-flex e-con e-parent\" data-id=\"3a1a0b8\" data-element_type=\"container\" data-settings=\"{&quot;content_width&quot;:&quot;full&quot;}\" data-core-v316-plus=\"true\">\n\t\t\t\t<div class=\"elementor-element elementor-element-372c7f0 elementor-widget elementor-widget-heading\" data-id=\"372c7f0\" data-element_type=\"widget\" data-widget_type=\"heading.default\">\n\t\t\t\t<div class=\"elementor-widget-container\">\n\t\t\t<style>\/*! elementor - v3.17.0 - 08-11-2023 *\/\n.elementor-heading-title{padding:0;margin:0;line-height:1}.elementor-widget-heading .elementor-heading-title[class*=elementor-size-]>a{color:inherit;font-size:inherit;line-height:inherit}.elementor-widget-heading .elementor-heading-title.elementor-size-small{font-size:15px}.elementor-widget-heading .elementor-heading-title.elementor-size-medium{font-size:19px}.elementor-widget-heading .elementor-heading-title.elementor-size-large{font-size:29px}.elementor-widget-heading .elementor-heading-title.elementor-size-xl{font-size:39px}.elementor-widget-heading .elementor-heading-title.elementor-size-xxl{font-size:59px}<\/style><h2 class=\"elementor-heading-title elementor-size-default\">Nos coordonn\u00e9es<\/h2>\t\t<\/div>\n\t\t\t\t<\/div>\n\t\t\t\t<\/div>\n\t\t<div class=\"elementor-element elementor-element-99086e2 e-con-full e-flex e-con e-parent\" data-id=\"99086e2\" data-element_type=\"container\" data-settings=\"{&quot;content_width&quot;:&quot;full&quot;}\" data-core-v316-plus=\"true\">\n\t\t\t\t<div class=\"elementor-element elementor-element-4957954 elementor-widget elementor-widget-heading\" data-id=\"4957954\" data-element_type=\"widget\" data-widget_type=\"heading.default\">\n\t\t\t\t<div class=\"elementor-widget-container\">\n\t\t\t<h5 class=\"elementor-heading-title elementor-size-default\">Courrier.<\/h5>\t\t<\/div>\n\t\t\t\t<\/div>\n\t\t\t\t<div class=\"elementor-element elementor-element-a30fff5 elementor-widget elementor-widget-text-editor\" data-id=\"a30fff5\" data-element_type=\"widget\" data-widget_type=\"text-editor.default\">\n\t\t\t\t<div class=\"elementor-widget-container\">\n\t\t\t\t\t\t\t<p><strong>EIRL B\u00e9renger BLONDET G-INFO<\/strong><br \/>480 Avenue de Saint Martin<br \/>74700 SALLANCHES<br \/>France<\/p>\t\t\t\t\t\t<\/div>\n\t\t\t\t<\/div>\n\t\t\t\t<\/div>\n\t\t<div class=\"elementor-element elementor-element-fed7e44 e-con-full e-flex e-con e-parent\" data-id=\"fed7e44\" data-element_type=\"container\" data-settings=\"{&quot;content_width&quot;:&quot;full&quot;}\" data-core-v316-plus=\"true\">\n\t\t\t\t<div class=\"elementor-element elementor-element-904a270 elementor-widget elementor-widget-heading\" data-id=\"904a270\" data-element_type=\"widget\" data-widget_type=\"heading.default\">\n\t\t\t\t<div class=\"elementor-widget-container\">\n\t\t\t<h5 class=\"elementor-heading-title elementor-size-default\">T\u00e9l.<\/h5>\t\t<\/div>\n\t\t\t\t<\/div>\n\t\t\t\t<div class=\"elementor-element elementor-element-25dc969 elementor-widget elementor-widget-text-editor\" data-id=\"25dc969\" data-element_type=\"widget\" data-widget_type=\"text-editor.default\">\n\t\t\t\t<div class=\"elementor-widget-container\">\n\t\t\t\t\t\t\t<p>+33 (0)6 27 18 17 19<\/p>\t\t\t\t\t\t<\/div>\n\t\t\t\t<\/div>\n\t\t\t\t<\/div>\n\t\t<div class=\"elementor-element elementor-element-1e2d82d e-con-full e-flex e-con e-parent\" data-id=\"1e2d82d\" data-element_type=\"container\" data-settings=\"{&quot;content_width&quot;:&quot;full&quot;}\" data-core-v316-plus=\"true\">\n\t\t\t\t<div class=\"elementor-element elementor-element-da09380 elementor-widget elementor-widget-heading\" data-id=\"da09380\" data-element_type=\"widget\" data-widget_type=\"heading.default\">\n\t\t\t\t<div class=\"elementor-widget-container\">\n\t\t\t<h5 class=\"elementor-heading-title elementor-size-default\">Mail.<\/h5>\t\t<\/div>\n\t\t\t\t<\/div>\n\t\t\t\t<div class=\"elementor-element elementor-element-294c2dd elementor-widget elementor-widget-text-editor\" data-id=\"294c2dd\" data-element_type=\"widget\" data-widget_type=\"text-editor.default\">\n\t\t\t\t<div class=\"elementor-widget-container\">\n\t\t\t\t\t\t\t<p>contact [at] ginfo.fr<\/p>\t\t\t\t\t\t<\/div>\n\t\t\t\t<\/div>\n\t\t\t\t<\/div>\n\t\t<div class=\"elementor-element elementor-element-0a0f676 e-flex e-con-boxed e-con e-parent\" data-id=\"0a0f676\" data-element_type=\"container\" data-settings=\"{&quot;background_background&quot;:&quot;classic&quot;,&quot;content_width&quot;:&quot;boxed&quot;}\" data-core-v316-plus=\"true\">\n\t\t\t\t\t<div class=\"e-con-inner\">\n\t\t\t\t<div class=\"elementor-element elementor-element-aa2eeac elementor-widget elementor-widget-text-editor\" data-id=\"aa2eeac\" data-element_type=\"widget\" data-widget_type=\"text-editor.default\">\n\t\t\t\t<div class=\"elementor-widget-container\">\n\t\t\t\t\t\t\t<p>Copyright \u00a9 2024 G-INFO &#8211; Tous droits r\u00e9serv\u00e9s &#8211; <a href=\"https:\/\/www.ginfo.fr\/index.php\/cgv\/\" target=\"_blank\" rel=\"noopener\">CGV<\/a><\/p>\t\t\t\t\t\t<\/div>\n\t\t\t\t<\/div>\n\t\t\t\t\t<\/div>\n\t\t\t\t<\/div>\n\t\t\t\t\t\t\t<\/div>\n\t\t","protected":false},"excerpt":{"rendered":"<p>Notre aventure continue, et bient\u00f4t, un nouveau chapitre s&rsquo;ouvrira. Depuis le d\u00e9but, vous avez \u00e9t\u00e9 nombreux \u00e0 nous suivre, \u00e0 partager notre passion et \u00e0 vivre cette exp\u00e9rience unique \u00e0 nos c\u00f4t\u00e9s. Aujourd&rsquo;hui, nous sommes \u00e0 l&rsquo;aube d&rsquo;un changement. Quelque chose de nouveau se pr\u00e9pare. Quelque chose qui transformera notre mani\u00e8re de vous accompagner, de [&hellip;]<\/p>\n","protected":false},"author":1,"featured_media":0,"parent":0,"menu_order":0,"comment_status":"closed","ping_status":"closed","template":"elementor_canvas","meta":{"footnotes":""},"class_list":["post-8","page","type-page","status-publish","hentry"],"_links":{"self":[{"href":"https:\/\/www.ginfo.fr\/index.php\/wp-json\/wp\/v2\/pages\/8","targetHints":{"allow":["GET"]}}],"collection":[{"href":"https:\/\/www.ginfo.fr\/index.php\/wp-json\/wp\/v2\/pages"}],"about":[{"href":"https:\/\/www.ginfo.fr\/index.php\/wp-json\/wp\/v2\/types\/page"}],"author":[{"embeddable":true,"href":"https:\/\/www.ginfo.fr\/index.php\/wp-json\/wp\/v2\/users\/1"}],"replies":[{"embeddable":true,"href":"https:\/\/www.ginfo.fr\/index.php\/wp-json\/wp\/v2\/comments?post=8"}],"version-history":[{"count":240,"href":"https:\/\/www.ginfo.fr\/index.php\/wp-json\/wp\/v2\/pages\/8\/revisions"}],"predecessor-version":[{"id":299,"href":"https:\/\/www.ginfo.fr\/index.php\/wp-json\/wp\/v2\/pages\/8\/revisions\/299"}],"wp:attachment":[{"href":"https:\/\/www.ginfo.fr\/index.php\/wp-json\/wp\/v2\/media?parent=8"}],"curies":[{"name":"wp","href":"https:\/\/api.w.org\/{rel}","templated":true}]}}